{"id":111,"date":"2024-09-02T10:10:40","date_gmt":"2024-09-02T08:10:40","guid":{"rendered":"https:\/\/www.videmaisonsaintjean.fr\/?post_type=product&#038;p=111"},"modified":"2024-09-02T10:13:04","modified_gmt":"2024-09-02T08:13:04","slug":"lot-de-jeux-apero","status":"publish","type":"product","link":"https:\/\/www.videmaisonsaintjean.fr\/index.php\/produit\/lot-de-jeux-apero\/","title":{"rendered":"Lot de jeux ap\u00e9ro"},"content":{"rendered":"","protected":false},"excerpt":{"rendered":"<p>Comprend 4 jeux : &#8220;les Blagues de Papa&#8221;, &#8220;Comment vous sortire-vous de l\u00e0&#8221;, &#8220;Ap\u00e9ro Mimes&#8221; et &#8220;Chanson Fran\u00e7aise&#8221;<\/p>\n","protected":false},"featured_media":94,"template":"","meta":{"_kad_post_transparent":"default","_kad_post_title":"","_kad_post_layout":"default","_kad_post_sidebar_id":"","_kad_post_content_style":"default","_kad_post_vertical_padding":"default","_kad_post_feature":"","_kad_post_feature_position":"","_kad_post_header":false,"_kad_post_footer":false},"product_cat":[15],"product_tag":[],"class_list":{"0":"post-111","1":"product","2":"type-product","3":"status-publish","4":"has-post-thumbnail","6":"product_cat-non-classe","8":"first","9":"instock","10":"shipping-taxable","11":"purchasable","12":"product-type-simple","13":"entry","14":"content-bg","15":"loop-entry"},"_links":{"self":[{"href":"https:\/\/www.videmaisonsaintjean.fr\/index.php\/wp-json\/wp\/v2\/product\/111","targetHints":{"allow":["GET"]}}],"collection":[{"href":"https:\/\/www.videmaisonsaintjean.fr\/index.php\/wp-json\/wp\/v2\/product"}],"about":[{"href":"https:\/\/www.videmaisonsaintjean.fr\/index.php\/wp-json\/wp\/v2\/types\/product"}],"wp:featuredmedia":[{"embeddable":true,"href":"https:\/\/www.videmaisonsaintjean.fr\/index.php\/wp-json\/wp\/v2\/media\/94"}],"wp:attachment":[{"href":"https:\/\/www.videmaisonsaintjean.fr\/index.php\/wp-json\/wp\/v2\/media?parent=111"}],"wp:term":[{"taxonomy":"product_cat","embeddable":true,"href":"https:\/\/www.videmaisonsaintjean.fr\/index.php\/wp-json\/wp\/v2\/product_cat?post=111"},{"taxonomy":"product_tag","embeddable":true,"href":"https:\/\/www.videmaisonsaintjean.fr\/index.php\/wp-json\/wp\/v2\/product_tag?post=111"}],"curies":[{"name":"wp","href":"https:\/\/api.w.org\/{rel}","templated":true}]}}