{"id":113,"date":"2024-09-02T10:16:28","date_gmt":"2024-09-02T08:16:28","guid":{"rendered":"https:\/\/www.videmaisonsaintjean.fr\/?post_type=product&#038;p=113"},"modified":"2024-09-02T10:18:17","modified_gmt":"2024-09-02T08:18:17","slug":"matelas-ikea-1-place","status":"publish","type":"product","link":"https:\/\/www.videmaisonsaintjean.fr\/index.php\/produit\/matelas-ikea-1-place\/","title":{"rendered":"Matelas Ik\u00e9a 1 place"},"content":{"rendered":"","protected":false},"excerpt":{"rendered":"<p>Tr\u00e8s confortable, tr\u00e8s bon \u00e9tat ! \u00e0 voir.<\/p>\n<p>Dimensions 190 x 90 cm<\/p>\n","protected":false},"featured_media":82,"template":"","meta":{"_kad_post_transparent":"default","_kad_post_title":"","_kad_post_layout":"default","_kad_post_sidebar_id":"","_kad_post_content_style":"default","_kad_post_vertical_padding":"default","_kad_post_feature":"","_kad_post_feature_position":"","_kad_post_header":false,"_kad_post_footer":false},"product_cat":[15],"product_tag":[],"class_list":{"0":"post-113","1":"product","2":"type-product","3":"status-publish","4":"has-post-thumbnail","6":"product_cat-non-classe","8":"first","9":"instock","10":"shipping-taxable","11":"purchasable","12":"product-type-simple","13":"entry","14":"content-bg","15":"loop-entry"},"_links":{"self":[{"href":"https:\/\/www.videmaisonsaintjean.fr\/index.php\/wp-json\/wp\/v2\/product\/113","targetHints":{"allow":["GET"]}}],"collection":[{"href":"https:\/\/www.videmaisonsaintjean.fr\/index.php\/wp-json\/wp\/v2\/product"}],"about":[{"href":"https:\/\/www.videmaisonsaintjean.fr\/index.php\/wp-json\/wp\/v2\/types\/product"}],"wp:featuredmedia":[{"embeddable":true,"href":"https:\/\/www.videmaisonsaintjean.fr\/index.php\/wp-json\/wp\/v2\/media\/82"}],"wp:attachment":[{"href":"https:\/\/www.videmaisonsaintjean.fr\/index.php\/wp-json\/wp\/v2\/media?parent=113"}],"wp:term":[{"taxonomy":"product_cat","embeddable":true,"href":"https:\/\/www.videmaisonsaintjean.fr\/index.php\/wp-json\/wp\/v2\/product_cat?post=113"},{"taxonomy":"product_tag","embeddable":true,"href":"https:\/\/www.videmaisonsaintjean.fr\/index.php\/wp-json\/wp\/v2\/product_tag?post=113"}],"curies":[{"name":"wp","href":"https:\/\/api.w.org\/{rel}","templated":true}]}}